{"id":1847,"date":"2017-08-08T08:59:35","date_gmt":"2017-08-08T08:59:35","guid":{"rendered":"https:\/\/www.europaweg.ch\/randonnee-sur-2-jours-dans-les-alpes\/"},"modified":"2026-03-12T13:15:43","modified_gmt":"2026-03-12T13:15:43","slug":"randonnee-sur-2-jours-dans-les-alpes","status":"publish","type":"page","link":"https:\/\/www.europaweg.ch\/fr\/randonnee-sur-2-jours-dans-les-alpes\/","title":{"rendered":"Randonn\u00e9e sur 2 jours dans les Alpes"},"content":{"rendered":"\n<div class=\"et_pb_section_0 et_pb_section et_pb_fullwidth_section et_section_regular et_block_section\"><section class=\"et_pb_fullwidth_header_0 et_pb_fullwidth_header et_pb_bg_layout_dark et_pb_text_align_left et_pb_module et_flex_module\"><div class=\"et_pb_fullwidth_header_container left\"><div class=\"header-content-container center\"><div class=\"header-content et_flex_module\"><h1 class=\"et_pb_module_header\">Europaweg - Randonn\u00e9e sur 2 jours dans les Alpes<\/h1><div class=\"et_pb_header_button_wrapper\"><\/div><\/div><\/div><\/div><div class=\"et_pb_fullwidth_header_overlay\"><\/div><div class=\"et_pb_fullwidth_header_scroll\"><\/div><\/section><\/div><div class=\"et_pb_section_1 et_pb_section et_section_specialty et_pb_gutters3 et_block_section\"><div class=\"et_pb_row et_pb_row-3-4_1-4 et_block_row\"><div class=\"et_pb_column_0 et_pb_column et_pb_specialty_column et_pb_column_3_4 et_block_column et_pb_css_mix_blend_mode_passthrough\"><div class=\"et_pb_row_inner_0 et_pb_row_inner et_block_row\"><div class=\"et_pb_column_inner_0 et_pb_column_inner et_pb_column et_pb_column_4_4 et-last-child et_block_column et_pb_css_mix_blend_mode_passthrough\"><div class=\"et_pb_text_0 et_pb_text et_pb_bg_layout_light et_pb_module et_block_module\"><div class=\"et_pb_text_inner\"><p><iframe loading=\"lazy\" src=\"https:\/\/zermatt.swiss\/fr\/p\/sentier-de-leurope-01tVj000005EufKIAS\" width=\"100%\" height=\"2500px\"><\/iframe><\/p>\n<\/div><\/div><\/div><\/div><div class=\"et_pb_row_inner_1 et_pb_row_inner et_block_row\"><div class=\"et_pb_column_inner_1 et_pb_column_inner et_pb_column et_pb_column_3_8 et_block_column et_pb_css_mix_blend_mode_passthrough\"><div class=\"et_pb_text_1 et_pb_text et_pb_bg_layout_light et_pb_module et_block_module\"><div class=\"et_pb_text_inner\"><h3>Gr\u00e4chen - Zermatt<\/h3>\n<p>Si vous commencez cette randonn\u00e9e au plus tard \u00e0 7h du matin, profitez de la fra\u00eecheur du matin pour affronter rapidement la premi\u00e8re descente de 300 m\u00e8tres de Gr\u00e4chen \u00e0 Herbriggen.<\/p>\n<p>La restauration externe de Gr\u00e4chen est possible apr\u00e8s 3,5 heures \u00e0 l'h\u00f4tel Bergfreund \u00e0 Herbriggen.<\/p>\n<p>Emportez beaucoup de liquides avec vous.<\/p>\n<\/div><\/div><\/div><div class=\"et_pb_column_inner_2 et_pb_column_inner et_pb_column et_pb_column_3_8 et-last-child et_block_column et_pb_css_mix_blend_mode_passthrough\"><div class=\"et_pb_text_2 et_pb_text et_pb_bg_layout_light et_pb_module et_block_module\"><div class=\"et_pb_text_inner\"><h3>Zermatt - Gr\u00e4chen<\/h3>\n<p>Nous vous recommandons d'utiliser le t\u00e9l\u00e9ph\u00e9rique de Sunnegga. Il vous m\u00e8nera de Zermatt (1620 m) \u00e0 2288 m, qui est l'altitude la plus \u00e9lev\u00e9e.<\/p>\n<p>La derni\u00e8re option pour la restauration externe avant Gr\u00e4chen est l'h\u00f4tel Bergfreund \u00e0 Herbriggen, environ 2 \u00e0 2,5 heures apr\u00e8s l'Europah\u00fctte.<\/p>\n<p>Emportez beaucoup de liquides avec vous.<\/p>\n<\/div><\/div><\/div><\/div><\/div><div class=\"et_pb_column_1 et_pb_column et_pb_column_single et_pb_column_1_4 et-last-child et_block_column et_pb_column_empty et_pb_css_mix_blend_mode_passthrough\"><\/div><\/div><\/div>\n","protected":false},"excerpt":{"rendered":"","protected":false},"author":1,"featured_media":0,"parent":0,"menu_order":0,"comment_status":"closed","ping_status":"closed","template":"","meta":{"footnotes":""},"class_list":["post-1847","page","type-page","status-publish","hentry"],"_links":{"self":[{"href":"https:\/\/www.europaweg.ch\/fr\/wp-json\/wp\/v2\/pages\/1847","targetHints":{"allow":["GET"]}}],"collection":[{"href":"https:\/\/www.europaweg.ch\/fr\/wp-json\/wp\/v2\/pages"}],"about":[{"href":"https:\/\/www.europaweg.ch\/fr\/wp-json\/wp\/v2\/types\/page"}],"author":[{"embeddable":true,"href":"https:\/\/www.europaweg.ch\/fr\/wp-json\/wp\/v2\/users\/1"}],"replies":[{"embeddable":true,"href":"https:\/\/www.europaweg.ch\/fr\/wp-json\/wp\/v2\/comments?post=1847"}],"version-history":[{"count":13,"href":"https:\/\/www.europaweg.ch\/fr\/wp-json\/wp\/v2\/pages\/1847\/revisions"}],"predecessor-version":[{"id":3216,"href":"https:\/\/www.europaweg.ch\/fr\/wp-json\/wp\/v2\/pages\/1847\/revisions\/3216"}],"wp:attachment":[{"href":"https:\/\/www.europaweg.ch\/fr\/wp-json\/wp\/v2\/media?parent=1847"}],"curies":[{"name":"wp","href":"https:\/\/api.w.org\/{rel}","templated":true}]}}